{"id":8552,"date":"2024-03-20T10:33:31","date_gmt":"2024-03-20T10:33:31","guid":{"rendered":"https:\/\/www.turbocrowd.it\/?page_id=8552"},"modified":"2024-03-26T20:13:02","modified_gmt":"2024-03-26T20:13:02","slug":"crowdometre","status":"publish","type":"page","link":"https:\/\/www.turbocrowd.it\/fr\/crowdometre\/","title":{"rendered":"Crowdometre"},"content":{"rendered":"<div data-elementor-type=\"wp-page\" data-elementor-id=\"8552\" class=\"elementor elementor-8552\" data-elementor-post-type=\"page\">\n\t\t\t\t\t\t<section class=\"elementor-section elementor-top-section elementor-element elementor-element-66aff50 elementor-section-stretched elementor-section-boxed elementor-section-height-default elementor-section-height-default\" data-id=\"66aff50\" data-element_type=\"section\" data-settings=\"{&quot;stretch_section&quot;:&quot;section-stretched&quot;,&quot;background_background&quot;:&quot;gradient&quot;,&quot;shape_divider_top&quot;:&quot;curve&quot;,&quot;shape_divider_top_negative&quot;:&quot;yes&quot;,&quot;shape_divider_bottom&quot;:&quot;curve&quot;}\">\n\t\t\t\t\t<div class=\"elementor-shape elementor-shape-top\" aria-hidden=\"true\" data-negative=\"true\">\n\t\t\t<svg xmlns=\"http:\/\/www.w3.org\/2000\/svg\" viewbox=\"0 0 1000 100\" preserveaspectratio=\"none\">\n\t<path class=\"elementor-shape-fill\" d=\"M500,97C126.7,96.3,0.8,19.8,0,0v100l1000,0V1C1000,19.4,873.3,97.8,500,97z\"\/>\n<\/svg>\t\t<\/div>\n\t\t\t\t<div class=\"elementor-shape elementor-shape-bottom\" aria-hidden=\"true\" data-negative=\"false\">\n\t\t\t<svg xmlns=\"http:\/\/www.w3.org\/2000\/svg\" viewbox=\"0 0 1000 100\" preserveaspectratio=\"none\">\n    <path class=\"elementor-shape-fill\" d=\"M1000,4.3V0H0v4.3C0.9,23.1,126.7,99.2,500,100S1000,22.7,1000,4.3z\"\/>\n<\/svg>\t\t<\/div>\n\t\t\t\t\t<div class=\"elementor-container elementor-column-gap-default\">\n\t\t\t\t\t<div class=\"elementor-column elementor-col-100 elementor-top-column elementor-element elementor-element-5b2c2ad\" data-id=\"5b2c2ad\" data-element_type=\"column\">\n\t\t\t<div class=\"elementor-widget-wrap elementor-element-populated\">\n\t\t\t\t\t\t<div class=\"elementor-element elementor-element-9ffbd54 elementor-widget elementor-widget-heading\" data-id=\"9ffbd54\" data-element_type=\"widget\" data-widget_type=\"heading.default\">\n\t\t\t\t<div class=\"elementor-widget-container\">\n\t\t\t\t\t<h1 class=\"elementor-heading-title elementor-size-default\">Crowdometre<\/h1>\t\t\t\t<\/div>\n\t\t\t\t<\/div>\n\t\t\t\t\t<\/div>\n\t\t<\/div>\n\t\t\t\t\t<\/div>\n\t\t<\/section>\n\t\t\t\t<section class=\"elementor-section elementor-top-section elementor-element elementor-element-bb2548a elementor-section-boxed elementor-section-height-default elementor-section-height-default\" data-id=\"bb2548a\" data-element_type=\"section\">\n\t\t\t\t\t\t<div class=\"elementor-container elementor-column-gap-default\">\n\t\t\t\t\t<div class=\"elementor-column elementor-col-100 elementor-top-column elementor-element elementor-element-b1cfa26\" data-id=\"b1cfa26\" data-element_type=\"column\">\n\t\t\t<div class=\"elementor-widget-wrap elementor-element-populated\">\n\t\t\t\t\t\t<div class=\"elementor-element elementor-element-127b787 elementor-widget elementor-widget-text-editor\" data-id=\"127b787\" data-element_type=\"widget\" data-widget_type=\"text-editor.default\">\n\t\t\t\t<div class=\"elementor-widget-container\">\n\t\t\t\t\t\t\t\t\t<p dir=\"ltr\" style=\"line-height: 1.38; background-color: #ffffff; margin-top: 0pt; margin-bottom: 0pt; padding: 0pt 0pt 23pt 0pt;\" class=\"translation-block\"><span style=\"font-size : 14.5pt;font-family : Montserrat,sans-serif;font-weight : 400;font-style : normal;font-variant : normal;text-decoration : none;vertical-align : baseline\">Voici la page que nous avons cr\u00e9\u00e9e pour vous aider \u00e0 d\u00e9couvrir votre potentiel dans le monde du crowdfunding ! Mais avant de commencer, laissez-moi vous raconter un peu l'histoire...<\/span><span style=\"font-size : 14.5pt;font-family : Montserrat,sans-serif;font-weight : 400;font-style : normal;font-variant : normal;text-decoration : none;vertical-align : baseline\"><br><\/span><span style=\"font-size : 14.5pt;font-family : Montserrat,sans-serif;font-weight : 400;font-style : normal;font-variant : normal;text-decoration : none;vertical-align : baseline\"><br><\/span><span style=\"font-size : 14.5pt;font-family : Montserrat,sans-serif;font-weight : 400;font-style : normal;font-variant : normal;text-decoration : none;vertical-align : baseline\">Turbo Crowd est pr\u00e9sent dans le monde du crowdfunding depuis 2019 et, au cours de sa croissance, a rep\u00e9r\u00e9 les tendances, analys\u00e9 les donn\u00e9es et \u00e9tudi\u00e9 les pi\u00e8ges de ce secteur au potentiel \u00e9norme. <\/span><span style=\"font-size : 14.5pt;font-family : Montserrat,sans-serif;font-weight : 400;font-style : normal;font-variant : normal;text-decoration : none;vertical-align : baseline\">Des ann\u00e9es d'exp\u00e9rience, de succ\u00e8s (et m\u00eame de petites d\u00e9faites), nous ont permis de construire une entit\u00e9 de valeur qui prend le nom de \"Crowdometer\".<\/span><\/p><p dir=\"ltr\" style=\"line-height: 1.38; background-color: #ffffff; margin-top: 0pt; margin-bottom: 0pt; padding: 0pt 0pt 23pt 0pt;\" class=\"translation-block\"><span style=\"font-size : 14.5pt;font-family : Montserrat,sans-serif;font-weight : 400;font-style : normal;font-variant : normal;text-decoration : none;vertical-align : baseline\">Le Crowdometer est votre compagnon dans le monde du crowdfunding : c'est un quiz dynamique qui vous aide \u00e0 choisir la meilleure voie pour soutenir la croissance de votre entreprise. <\/span><span style=\"font-size : 14.5pt;font-family : Montserrat,sans-serif;font-weight : 400;font-style : normal;font-variant : normal;text-decoration : none;vertical-align : baseline\">Ainsi, que vous soyez un cr\u00e9atif \u00e0 la recherche de financement pour un projet artistique ou un entrepreneur avec une id\u00e9e r\u00e9volutionnaire, le Crowdometer est un outil essentiel ! <\/span><span style=\"font-size : 14.5pt;font-family : Montserrat,sans-serif;font-weight : 400;font-style : normal;font-variant : normal;text-decoration : none;vertical-align : baseline\"><br><\/span><span style=\"font-size : 14.5pt;font-family : Montserrat,sans-serif;font-weight : 400;font-style : normal;font-variant : normal;text-decoration : none;vertical-align : baseline\"><br><\/span><span style=\"font-size : 14.5pt;font-family : Montserrat,sans-serif;font-weight : 400;font-style : normal;font-variant : normal;text-decoration : none;vertical-align : baseline\">Si vous voulez vraiment choisir la bonne voie pour commencer (ou continuer) \u00e0 d\u00e9velopper votre projet:<\/span><span style=\"font-size : 14.5pt;font-family : Montserrat,sans-serif;font-weight : 400;font-style : normal;font-variant : normal;text-decoration : none;vertical-align : baseline\"><br><\/span><span style=\"font-size : 14.5pt;font-family : Montserrat,sans-serif;font-weight : 400;font-style : normal;font-variant : normal;text-decoration : none;vertical-align : baseline\"><br><\/span><\/p><ol><li><span style=\"font-size: 14.5pt; font-family: Montserrat,sans-serif; color: #040404; background-color: transparent; font-weight: 400; font-style: normal; font-variant: normal; text-decoration: none; vertical-align: baseline; white-space: pre-wrap;\">Cliquez sur le bouton \"Commencer maintenant\".<\/span><\/li><li><span style=\"font-size: 14.5pt; font-family: Montserrat,sans-serif; color: #040404; background-color: transparent; font-weight: 400; font-style: normal; font-variant: normal; text-decoration: none; vertical-align: baseline; white-space: pre-wrap;\">R\u00e9pondez soigneusement aux questions (en cas d'erreur, vous pouvez revenir aux questions pr\u00e9c\u00e9dentes).<\/span><\/li><li><span style=\"background-color: transparent; font-size: 14.5pt; letter-spacing: var( --e-global-typography-text-letter-spacing );\">Obtenez une note \u00e0 la fin qui vous donnera un aper\u00e7u clair de la fa\u00e7on d'utiliser le crowdfunding pour construire un projet r\u00e9ussi.<\/span><\/li><\/ol><p dir=\"ltr\" style=\"line-height: 1.38; background-color: #ffffff; margin-top: 0pt; margin-bottom: 0pt; padding: 0pt 0pt 23pt 0pt;\"><span style=\"font-size: 14.5pt; font-family: Montserrat,sans-serif; color: #040404; background-color: transparent; font-weight: 400; font-style: normal; font-variant: normal; text-decoration: none; vertical-align: baseline; white-space: pre-wrap;\"><span style=\"font-style: inherit; font-weight: inherit; background-color: transparent; letter-spacing: var( --e-global-typography-text-letter-spacing );\">Les questions sont simples, intuitives et vous prendront moins de 10 minutes au total.<\/span><br \/><\/span><\/p>\t\t\t\t\t\t\t\t<\/div>\n\t\t\t\t<\/div>\n\t\t\t\t<div class=\"elementor-element elementor-element-55f250c elementor-align-center elementor-widget elementor-widget-button\" data-id=\"55f250c\" data-element_type=\"widget\" data-widget_type=\"button.default\">\n\t\t\t\t<div class=\"elementor-widget-container\">\n\t\t\t\t\t\t\t\t\t<div class=\"elementor-button-wrapper\">\n\t\t\t\t\t<a class=\"elementor-button elementor-button-link elementor-size-sm\" href=\"https:\/\/turbocrowd.typeform.com\/to\/PZHCAF8f?typeform-source=www.turbocrowd.it\" target=\"_blank\">\n\t\t\t\t\t\t<span class=\"elementor-button-content-wrapper\">\n\t\t\t\t\t\t<span class=\"elementor-button-icon\">\n\t\t\t\t<svg aria-hidden=\"true\" class=\"e-font-icon-svg e-fas-external-link-square-alt\" viewbox=\"0 0 448 512\" xmlns=\"http:\/\/www.w3.org\/2000\/svg\"><path d=\"M448 80v352c0 26.51-21.49 48-48 48H48c-26.51 0-48-21.49-48-48V80c0-26.51 21.49-48 48-48h352c26.51 0 48 21.49 48 48zm-88 16H248.029c-21.313 0-32.08 25.861-16.971 40.971l31.984 31.987L67.515 364.485c-4.686 4.686-4.686 12.284 0 16.971l31.029 31.029c4.687 4.686 12.285 4.686 16.971 0l195.526-195.526 31.988 31.991C358.058 263.977 384 253.425 384 231.979V120c0-13.255-10.745-24-24-24z\"><\/path><\/svg>\t\t\t<\/span>\n\t\t\t\t\t\t\t\t\t<span class=\"elementor-button-text\">Commencez d\u00e8s maintenant !<\/span>\n\t\t\t\t\t<\/span>\n\t\t\t\t\t<\/a>\n\t\t\t\t<\/div>\n\t\t\t\t\t\t\t\t<\/div>\n\t\t\t\t<\/div>\n\t\t\t\t\t<\/div>\n\t\t<\/div>\n\t\t\t\t\t<\/div>\n\t\t<\/section>\n\t\t\t\t<\/div>","protected":false},"excerpt":{"rendered":"<p>Crowdometer Voici la page que nous avons cr\u00e9\u00e9e pour vous aider \u00e0 d\u00e9couvrir votre potentiel dans le monde du crowdfunding ! Mais avant de commencer, laissez-moi vous raconter un peu d'histoire... Turbo Crowd est dans le monde du crowdfunding depuis 2019 et dans son voyage de croissance, il a scout\u00e9 les tendances, analys\u00e9 les donn\u00e9es et [...]<\/p>","protected":false},"author":14,"featured_media":0,"parent":0,"menu_order":0,"comment_status":"closed","ping_status":"closed","template":"","meta":{"_acf_changed":false,"content-type":"","inline_featured_image":false,"_uag_custom_page_level_css":"","site-sidebar-layout":"no-sidebar","site-content-layout":"page-builder","ast-site-content-layout":"full-width-container","site-content-style":"unboxed","site-sidebar-style":"unboxed","ast-global-header-display":"","ast-banner-title-visibility":"","ast-main-header-display":"","ast-hfb-above-header-display":"","ast-hfb-below-header-display":"","ast-hfb-mobile-header-display":"","site-post-title":"disabled","ast-breadcrumbs-content":"","ast-featured-img":"disabled","footer-sml-layout":"","ast-disable-related-posts":"","theme-transparent-header-meta":"","adv-header-id-meta":"","stick-header-meta":"","header-above-stick-meta":"","header-main-stick-meta":"","header-below-stick-meta":"","astra-migrate-meta-layouts":"set","ast-page-background-enabled":"default","ast-page-background-meta":{"desktop":{"background-color":"","background-image":"","background-repeat":"repeat","background-position":"center center","background-size":"auto","background-attachment":"scroll","background-type":"","background-media":"","overlay-type":"","overlay-color":"","overlay-opacity":"","overlay-gradient":""},"tablet":{"background-color":"","background-image":"","background-repeat":"repeat","background-position":"center center","background-size":"auto","background-attachment":"scroll","background-type":"","background-media":"","overlay-type":"","overlay-color":"","overlay-opacity":"","overlay-gradient":""},"mobile":{"background-color":"","background-image":"","background-repeat":"repeat","background-position":"center center","background-size":"auto","background-attachment":"scroll","background-type":"","background-media":"","overlay-type":"","overlay-color":"","overlay-opacity":"","overlay-gradient":""}},"ast-content-background-meta":{"desktop":{"background-color":"var(--ast-global-color-5)","background-image":"","background-repeat":"repeat","background-position":"center center","background-size":"auto","background-attachment":"scroll","background-type":"","background-media":"","overlay-type":"","overlay-color":"","overlay-opacity":"","overlay-gradient":""},"tablet":{"background-color":"var(--ast-global-color-5)","background-image":"","background-repeat":"repeat","background-position":"center center","background-size":"auto","background-attachment":"scroll","background-type":"","background-media":"","overlay-type":"","overlay-color":"","overlay-opacity":"","overlay-gradient":""},"mobile":{"background-color":"var(--ast-global-color-5)","background-image":"","background-repeat":"repeat","background-position":"center center","background-size":"auto","background-attachment":"scroll","background-type":"","background-media":"","overlay-type":"","overlay-color":"","overlay-opacity":"","overlay-gradient":""}},"footnotes":""},"class_list":["post-8552","page","type-page","status-publish","hentry"],"acf":[],"yoast_head":"<!-- This site is optimized with the Yoast SEO plugin v26.7 - https:\/\/yoast.com\/wordpress\/plugins\/seo\/ -->\n<title>Crowdometro | Turbo Crowd<\/title>\n<meta name=\"description\" content=\"Il Crowdometro misura se il progetto \u00e8 adatto al crowdfunding sotto vari aspetti: business, esperienza, team, abilit\u00e0 di marketing. Inizia!\" \/>\n<meta name=\"robots\" content=\"index, follow, max-snippet:-1, max-image-preview:large, max-video-preview:-1\" \/>\n<link rel=\"canonical\" href=\"https:\/\/www.turbocrowd.it\/fr\/crowdometre\/\" \/>\n<meta property=\"og:locale\" content=\"fr_FR\" \/>\n<meta property=\"og:type\" content=\"article\" \/>\n<meta property=\"og:title\" content=\"Crowdometro | Turbo Crowd\" \/>\n<meta property=\"og:description\" content=\"Il Crowdometro misura se il progetto \u00e8 adatto al crowdfunding sotto vari aspetti: business, esperienza, team, abilit\u00e0 di marketing. Inizia!\" \/>\n<meta property=\"og:url\" content=\"https:\/\/www.turbocrowd.it\/fr\/crowdometre\/\" \/>\n<meta property=\"og:site_name\" content=\"Turbo Crowd\" \/>\n<meta property=\"article:publisher\" content=\"https:\/\/www.facebook.com\/profile.php?id=100063968918578\" \/>\n<meta property=\"article:modified_time\" content=\"2024-03-26T20:13:02+00:00\" \/>\n<meta property=\"og:image\" content=\"https:\/\/www.turbocrowd.it\/wp-content\/uploads\/2019\/12\/cropped-Logo-turbo-crowd-quadrato.png\" \/>\n\t<meta property=\"og:image:width\" content=\"2500\" \/>\n\t<meta property=\"og:image:height\" content=\"1103\" \/>\n\t<meta property=\"og:image:type\" content=\"image\/png\" \/>\n<meta name=\"twitter:card\" content=\"summary_large_image\" \/>\n<meta name=\"twitter:label1\" content=\"Dur\u00e9e de lecture estim\u00e9e\" \/>\n\t<meta name=\"twitter:data1\" content=\"1 minute\" \/>\n<script type=\"application\/ld+json\" class=\"yoast-schema-graph\">{\"@context\":\"https:\/\/schema.org\",\"@graph\":[{\"@type\":\"WebPage\",\"@id\":\"https:\/\/www.turbocrowd.it\/crowdometro\/\",\"url\":\"https:\/\/www.turbocrowd.it\/crowdometro\/\",\"name\":\"Crowdometro | Turbo Crowd\",\"isPartOf\":{\"@id\":\"https:\/\/www.turbocrowd.it\/fr\/#website\"},\"datePublished\":\"2024-03-20T10:33:31+00:00\",\"dateModified\":\"2024-03-26T20:13:02+00:00\",\"description\":\"Il Crowdometro misura se il progetto \u00e8 adatto al crowdfunding sotto vari aspetti: business, esperienza, team, abilit\u00e0 di marketing. Inizia!\",\"breadcrumb\":{\"@id\":\"https:\/\/www.turbocrowd.it\/crowdometro\/#breadcrumb\"},\"inLanguage\":\"fr-FR\",\"potentialAction\":[{\"@type\":\"ReadAction\",\"target\":[\"https:\/\/www.turbocrowd.it\/crowdometro\/\"]}]},{\"@type\":\"BreadcrumbList\",\"@id\":\"https:\/\/www.turbocrowd.it\/crowdometro\/#breadcrumb\",\"itemListElement\":[{\"@type\":\"ListItem\",\"position\":1,\"name\":\"Home\",\"item\":\"https:\/\/www.turbocrowd.it\/\"},{\"@type\":\"ListItem\",\"position\":2,\"name\":\"Crowdometro\"}]},{\"@type\":\"WebSite\",\"@id\":\"https:\/\/www.turbocrowd.it\/fr\/#website\",\"url\":\"https:\/\/www.turbocrowd.it\/fr\/\",\"name\":\"Turbo Crowd\",\"description\":\"Consulenza marketing per campagne crowdfunding\",\"publisher\":{\"@id\":\"https:\/\/www.turbocrowd.it\/fr\/#organization\"},\"potentialAction\":[{\"@type\":\"SearchAction\",\"target\":{\"@type\":\"EntryPoint\",\"urlTemplate\":\"https:\/\/www.turbocrowd.it\/fr\/?s={search_term_string}\"},\"query-input\":{\"@type\":\"PropertyValueSpecification\",\"valueRequired\":true,\"valueName\":\"search_term_string\"}}],\"inLanguage\":\"fr-FR\"},{\"@type\":\"Organization\",\"@id\":\"https:\/\/www.turbocrowd.it\/fr\/#organization\",\"name\":\"Turbo Crowd\",\"url\":\"https:\/\/www.turbocrowd.it\/fr\/\",\"logo\":{\"@type\":\"ImageObject\",\"inLanguage\":\"fr-FR\",\"@id\":\"https:\/\/www.turbocrowd.it\/fr\/#\/schema\/logo\/image\/\",\"url\":\"https:\/\/www.turbocrowd.it\/wp-content\/uploads\/2019\/12\/cropped-Logo-turbo-crowd-quadrato-1.png\",\"contentUrl\":\"https:\/\/www.turbocrowd.it\/wp-content\/uploads\/2019\/12\/cropped-Logo-turbo-crowd-quadrato-1.png\",\"width\":512,\"height\":512,\"caption\":\"Turbo Crowd\"},\"image\":{\"@id\":\"https:\/\/www.turbocrowd.it\/fr\/#\/schema\/logo\/image\/\"},\"sameAs\":[\"https:\/\/www.facebook.com\/profile.php?id=100063968918578\",\"https:\/\/www.linkedin.com\/company\/turbo-crowd\/\"]}]}<\/script>\n<!-- \/ Yoast SEO plugin. -->","yoast_head_json":{"title":"Crowdometer | Turbo Crowd","description":"Le Crowdometer mesure si le projet est adapt\u00e9 au crowdfunding sous diff\u00e9rents aspects : entreprise, exp\u00e9rience, \u00e9quipe, comp\u00e9tences marketing. Lancez-vous !","robots":{"index":"index","follow":"follow","max-snippet":"max-snippet:-1","max-image-preview":"max-image-preview:large","max-video-preview":"max-video-preview:-1"},"canonical":"https:\/\/www.turbocrowd.it\/fr\/crowdometre\/","og_locale":"fr_FR","og_type":"article","og_title":"Crowdometro | Turbo Crowd","og_description":"Il Crowdometro misura se il progetto \u00e8 adatto al crowdfunding sotto vari aspetti: business, esperienza, team, abilit\u00e0 di marketing. Inizia!","og_url":"https:\/\/www.turbocrowd.it\/fr\/crowdometre\/","og_site_name":"Turbo Crowd","article_publisher":"https:\/\/www.facebook.com\/profile.php?id=100063968918578","article_modified_time":"2024-03-26T20:13:02+00:00","og_image":[{"width":2500,"height":1103,"url":"https:\/\/www.turbocrowd.it\/wp-content\/uploads\/2019\/12\/cropped-Logo-turbo-crowd-quadrato.png","type":"image\/png"}],"twitter_card":"summary_large_image","twitter_misc":{"Dur\u00e9e de lecture estim\u00e9e":"1 minute"},"schema":{"@context":"https:\/\/schema.org","@graph":[{"@type":"WebPage","@id":"https:\/\/www.turbocrowd.it\/crowdometro\/","url":"https:\/\/www.turbocrowd.it\/crowdometro\/","name":"Crowdometer | Turbo Crowd","isPartOf":{"@id":"https:\/\/www.turbocrowd.it\/fr\/#website"},"datePublished":"2024-03-20T10:33:31+00:00","dateModified":"2024-03-26T20:13:02+00:00","description":"Le Crowdometer mesure si le projet est adapt\u00e9 au crowdfunding sous diff\u00e9rents aspects : entreprise, exp\u00e9rience, \u00e9quipe, comp\u00e9tences marketing. Lancez-vous !","breadcrumb":{"@id":"https:\/\/www.turbocrowd.it\/crowdometro\/#breadcrumb"},"inLanguage":"fr-FR","potentialAction":[{"@type":"ReadAction","target":["https:\/\/www.turbocrowd.it\/crowdometro\/"]}]},{"@type":"BreadcrumbList","@id":"https:\/\/www.turbocrowd.it\/crowdometro\/#breadcrumb","itemListElement":[{"@type":"ListItem","position":1,"name":"Home","item":"https:\/\/www.turbocrowd.it\/"},{"@type":"ListItem","position":2,"name":"Crowdometro"}]},{"@type":"WebSite","@id":"https:\/\/www.turbocrowd.it\/fr\/#website","url":"https:\/\/www.turbocrowd.it\/fr\/","name":"Foule turbo","description":"Conseil en marketing pour les campagnes de crowdfunding","publisher":{"@id":"https:\/\/www.turbocrowd.it\/fr\/#organization"},"potentialAction":[{"@type":"SearchAction","target":{"@type":"EntryPoint","urlTemplate":"https:\/\/www.turbocrowd.it\/fr\/?s={search_term_string}"},"query-input":{"@type":"PropertyValueSpecification","valueRequired":true,"valueName":"search_term_string"}}],"inLanguage":"fr-FR"},{"@type":"Organization","@id":"https:\/\/www.turbocrowd.it\/fr\/#organization","name":"Foule turbo","url":"https:\/\/www.turbocrowd.it\/fr\/","logo":{"@type":"ImageObject","inLanguage":"fr-FR","@id":"https:\/\/www.turbocrowd.it\/fr\/#\/schema\/logo\/image\/","url":"https:\/\/www.turbocrowd.it\/wp-content\/uploads\/2019\/12\/cropped-Logo-turbo-crowd-quadrato-1.png","contentUrl":"https:\/\/www.turbocrowd.it\/wp-content\/uploads\/2019\/12\/cropped-Logo-turbo-crowd-quadrato-1.png","width":512,"height":512,"caption":"Turbo Crowd"},"image":{"@id":"https:\/\/www.turbocrowd.it\/fr\/#\/schema\/logo\/image\/"},"sameAs":["https:\/\/www.facebook.com\/profile.php?id=100063968918578","https:\/\/www.linkedin.com\/company\/turbo-crowd\/"]}]}},"uagb_featured_image_src":{"full":false,"thumbnail":false,"medium":false,"medium_large":false,"large":false,"1536x1536":false,"2048x2048":false,"trp-custom-language-flag":false},"uagb_author_info":{"display_name":"Claudio_g","author_link":"https:\/\/www.turbocrowd.it\/fr\/author\/claudio_g\/"},"uagb_comment_info":0,"uagb_excerpt":"Crowdometro Questa \u00e8 la pagina che abbiamo creato per aiutarti a scoprire il tuo potenziale nel mondo del crowdfunding! Ma prima di iniziare, lascia che ti racconti un po\u2019 di storia\u2026 Turbo Crowd \u00e8 nel mondo del crowdfunding dal lontano 2019 e nel suo percorso di crescita ha scovato le tendenze, analizzato i dati e\u2026","_links":{"self":[{"href":"https:\/\/www.turbocrowd.it\/fr\/wp-json\/wp\/v2\/pages\/8552","targetHints":{"allow":["GET"]}}],"collection":[{"href":"https:\/\/www.turbocrowd.it\/fr\/wp-json\/wp\/v2\/pages"}],"about":[{"href":"https:\/\/www.turbocrowd.it\/fr\/wp-json\/wp\/v2\/types\/page"}],"author":[{"embeddable":true,"href":"https:\/\/www.turbocrowd.it\/fr\/wp-json\/wp\/v2\/users\/14"}],"replies":[{"embeddable":true,"href":"https:\/\/www.turbocrowd.it\/fr\/wp-json\/wp\/v2\/comments?post=8552"}],"version-history":[{"count":25,"href":"https:\/\/www.turbocrowd.it\/fr\/wp-json\/wp\/v2\/pages\/8552\/revisions"}],"predecessor-version":[{"id":8591,"href":"https:\/\/www.turbocrowd.it\/fr\/wp-json\/wp\/v2\/pages\/8552\/revisions\/8591"}],"wp:attachment":[{"href":"https:\/\/www.turbocrowd.it\/fr\/wp-json\/wp\/v2\/media?parent=8552"}],"curies":[{"name":"wp","href":"https:\/\/api.w.org\/{rel}","templated":true}]}}